{"id":29,"date":"2020-05-07T11:21:13","date_gmt":"2020-05-07T09:21:13","guid":{"rendered":"https:\/\/chezlouisgite38.fr\/?page_id=29"},"modified":"2023-06-16T14:32:31","modified_gmt":"2023-06-16T12:32:31","slug":"reservation","status":"publish","type":"page","link":"https:\/\/chezlouisgite38.fr\/en\/reservation\/","title":{"rendered":"Reservation"},"content":{"rendered":"","protected":false},"excerpt":{"rendered":"","protected":false},"author":1,"featured_media":0,"parent":0,"menu_order":0,"comment_status":"closed","ping_status":"closed","template":"","meta":[],"yoast_head":"\nR\u00e9servation - Chez Louis - G\u00eete en Is\u00e8re<\/title>\n<meta name=\"robots\" content=\"index, follow, max-snippet:-1, max-image-preview:large, max-video-preview:-1\" \/>\n<link rel=\"canonical\" href=\"https:\/\/chezlouisgite38.fr\/en\/reservation\/\" \/>\n<meta property=\"og:locale\" content=\"en_GB\" \/>\n<meta property=\"og:type\" content=\"article\" \/>\n<meta property=\"og:title\" content=\"R\u00e9servation - Chez Louis - G\u00eete en Is\u00e8re\" \/>\n<meta property=\"og:url\" content=\"https:\/\/chezlouisgite38.fr\/en\/reservation\/\" \/>\n<meta property=\"og:site_name\" content=\"Chez Louis - G\u00eete en Is\u00e8re\" \/>\n<meta property=\"article:modified_time\" content=\"2023-06-16T12:32:31+00:00\" \/>\n<meta name=\"twitter:card\" content=\"summary_large_image\" \/>\n<script type=\"application\/ld+json\" class=\"yoast-schema-graph\">{\"@context\":\"https:\/\/schema.org\",\"@graph\":[{\"@type\":\"WebPage\",\"@id\":\"https:\/\/chezlouisgite38.fr\/reservation\/\",\"url\":\"https:\/\/chezlouisgite38.fr\/reservation\/\",\"name\":\"R\u00e9servation - Chez Louis - G\u00eete en Is\u00e8re\",\"isPartOf\":{\"@id\":\"https:\/\/chezlouisgite38.fr\/#website\"},\"datePublished\":\"2020-05-07T09:21:13+00:00\",\"dateModified\":\"2023-06-16T12:32:31+00:00\",\"breadcrumb\":{\"@id\":\"https:\/\/chezlouisgite38.fr\/reservation\/#breadcrumb\"},\"inLanguage\":\"en-GB\",\"potentialAction\":[{\"@type\":\"ReadAction\",\"target\":[\"https:\/\/chezlouisgite38.fr\/reservation\/\"]}]},{\"@type\":\"BreadcrumbList\",\"@id\":\"https:\/\/chezlouisgite38.fr\/reservation\/#breadcrumb\",\"itemListElement\":[{\"@type\":\"ListItem\",\"position\":1,\"name\":\"Accueil\",\"item\":\"https:\/\/chezlouisgite38.fr\/\"},{\"@type\":\"ListItem\",\"position\":2,\"name\":\"R\u00e9servation\"}]},{\"@type\":\"WebSite\",\"@id\":\"https:\/\/chezlouisgite38.fr\/#website\",\"url\":\"https:\/\/chezlouisgite38.fr\/\",\"name\":\"Chez Louis - G\u00eete en Is\u00e8re\",\"description\":\"G\u00eete & Chambre d'h\u00f4tes\",\"publisher\":{\"@id\":\"https:\/\/chezlouisgite38.fr\/#organization\"},\"potentialAction\":[{\"@type\":\"SearchAction\",\"target\":{\"@type\":\"EntryPoint\",\"urlTemplate\":\"https:\/\/chezlouisgite38.fr\/?s={search_term_string}\"},\"query-input\":\"required name=search_term_string\"}],\"inLanguage\":\"en-GB\"},{\"@type\":\"Organization\",\"@id\":\"https:\/\/chezlouisgite38.fr\/#organization\",\"name\":\"Chez Louis\",\"url\":\"https:\/\/chezlouisgite38.fr\/\",\"logo\":{\"@type\":\"ImageObject\",\"inLanguage\":\"en-GB\",\"@id\":\"https:\/\/chezlouisgite38.fr\/#\/schema\/logo\/image\/\",\"url\":\"https:\/\/chezlouisgite38.fr\/wp-content\/uploads\/2020\/04\/noun_eco-house_1738512.png\",\"contentUrl\":\"https:\/\/chezlouisgite38.fr\/wp-content\/uploads\/2020\/04\/noun_eco-house_1738512.png\",\"width\":128,\"height\":128,\"caption\":\"Chez Louis\"},\"image\":{\"@id\":\"https:\/\/chezlouisgite38.fr\/#\/schema\/logo\/image\/\"}}]}<\/script>\n<!-- \/ Yoast SEO plugin. -->","yoast_head_json":{"title":"R\u00e9servation - Chez Louis - G\u00eete en Is\u00e8re","robots":{"index":"index","follow":"follow","max-snippet":"max-snippet:-1","max-image-preview":"max-image-preview:large","max-video-preview":"max-video-preview:-1"},"canonical":"https:\/\/chezlouisgite38.fr\/en\/reservation\/","og_locale":"en_GB","og_type":"article","og_title":"R\u00e9servation - Chez Louis - G\u00eete en Is\u00e8re","og_url":"https:\/\/chezlouisgite38.fr\/en\/reservation\/","og_site_name":"Chez Louis - G\u00eete en Is\u00e8re","article_modified_time":"2023-06-16T12:32:31+00:00","twitter_card":"summary_large_image","schema":{"@context":"https:\/\/schema.org","@graph":[{"@type":"WebPage","@id":"https:\/\/chezlouisgite38.fr\/reservation\/","url":"https:\/\/chezlouisgite38.fr\/reservation\/","name":"R\u00e9servation - Chez Louis - G\u00eete en Is\u00e8re","isPartOf":{"@id":"https:\/\/chezlouisgite38.fr\/#website"},"datePublished":"2020-05-07T09:21:13+00:00","dateModified":"2023-06-16T12:32:31+00:00","breadcrumb":{"@id":"https:\/\/chezlouisgite38.fr\/reservation\/#breadcrumb"},"inLanguage":"en-GB","potentialAction":[{"@type":"ReadAction","target":["https:\/\/chezlouisgite38.fr\/reservation\/"]}]},{"@type":"BreadcrumbList","@id":"https:\/\/chezlouisgite38.fr\/reservation\/#breadcrumb","itemListElement":[{"@type":"ListItem","position":1,"name":"Accueil","item":"https:\/\/chezlouisgite38.fr\/"},{"@type":"ListItem","position":2,"name":"R\u00e9servation"}]},{"@type":"WebSite","@id":"https:\/\/chezlouisgite38.fr\/#website","url":"https:\/\/chezlouisgite38.fr\/","name":"Chez Louis - Cottage in Is\u00e8re","description":"G\u00eete & Chambre d'h\u00f4tes","publisher":{"@id":"https:\/\/chezlouisgite38.fr\/#organization"},"potentialAction":[{"@type":"SearchAction","target":{"@type":"EntryPoint","urlTemplate":"https:\/\/chezlouisgite38.fr\/?s={search_term_string}"},"query-input":"required name=search_term_string"}],"inLanguage":"en-GB"},{"@type":"Organization","@id":"https:\/\/chezlouisgite38.fr\/#organization","name":"At Louis'","url":"https:\/\/chezlouisgite38.fr\/","logo":{"@type":"ImageObject","inLanguage":"en-GB","@id":"https:\/\/chezlouisgite38.fr\/#\/schema\/logo\/image\/","url":"https:\/\/chezlouisgite38.fr\/wp-content\/uploads\/2020\/04\/noun_eco-house_1738512.png","contentUrl":"https:\/\/chezlouisgite38.fr\/wp-content\/uploads\/2020\/04\/noun_eco-house_1738512.png","width":128,"height":128,"caption":"Chez Louis"},"image":{"@id":"https:\/\/chezlouisgite38.fr\/#\/schema\/logo\/image\/"}}]}},"_links":{"self":[{"href":"https:\/\/chezlouisgite38.fr\/en\/wp-json\/wp\/v2\/pages\/29"}],"collection":[{"href":"https:\/\/chezlouisgite38.fr\/en\/wp-json\/wp\/v2\/pages"}],"about":[{"href":"https:\/\/chezlouisgite38.fr\/en\/wp-json\/wp\/v2\/types\/page"}],"author":[{"embeddable":true,"href":"https:\/\/chezlouisgite38.fr\/en\/wp-json\/wp\/v2\/users\/1"}],"replies":[{"embeddable":true,"href":"https:\/\/chezlouisgite38.fr\/en\/wp-json\/wp\/v2\/comments?post=29"}],"version-history":[{"count":1,"href":"https:\/\/chezlouisgite38.fr\/en\/wp-json\/wp\/v2\/pages\/29\/revisions"}],"predecessor-version":[{"id":30,"href":"https:\/\/chezlouisgite38.fr\/en\/wp-json\/wp\/v2\/pages\/29\/revisions\/30"}],"wp:attachment":[{"href":"https:\/\/chezlouisgite38.fr\/en\/wp-json\/wp\/v2\/media?parent=29"}],"curies":[{"name":"wp","href":"https:\/\/api.w.org\/{rel}","templated":true}]}}